{"id":41,"date":"2020-09-15T09:00:00","date_gmt":"2020-09-15T09:00:00","guid":{"rendered":"http:\/\/kuzmicz.pl\/?page_id=41"},"modified":"2023-01-26T18:36:08","modified_gmt":"2023-01-26T17:36:08","slug":"o-nas","status":"publish","type":"page","link":"https:\/\/kuzmicz.pl\/index.php\/o-nas\/","title":{"rendered":"O nas"},"content":{"rendered":"\n<h2 class=\"wp-block-heading\"><strong>KU\u0179MICZ<\/strong> nr 1 w Polsce.<\/h2>\n\n\n\n<p><strong>Ku\u017amicz<\/strong> to firma rodzinna, kt\u00f3ra powsta\u0142a w 2008 roku. Naszym celem by\u0142a budowa dzia\u0142alno\u015bci otwartej na r\u00f3\u017cne najbardziej wyg\u00f3rowane potrzeby i oczekiwania Klient\u00f3w. <br>Sukces naszej firmy to profesjonalny Zesp\u00f3\u0142 Ekspert\u00f3w do\u015bwiadczonych i wykwalifikowanych, kt\u00f3ry jest gwarantem rzetelnego wykonania powierzonych nam zada\u0144 w zakresie:<\/p>\n\n\n\n<ul class=\"wp-block-list\">\n<li><strong>Ku\u017amicz<\/strong> Deweloper<\/li>\n\n\n\n<li><strong>Kinga Ku\u017amicz<\/strong> Ekspert Finansowy<\/li>\n\n\n\n<li><strong>Adrian Ku\u017amicz<\/strong> Us\u0142ugi Minikoparkami<\/li>\n<\/ul>\n\n\n\n<p><\/p>\n\n\n\n<p>Wsp\u00f3\u0142pracuj\u0105c z nami, ka\u017cdy Klient otrzymuje rzetelne wsparcie swojego Eksperta.<\/p>\n\n\n\n<p><\/p>\n\n\n\n<h2 class=\"wp-block-heading\">Nasze motto to: <strong>Perfekcja<\/strong><\/h2>\n\n\n\n<blockquote class=\"wp-block-quote is-style-large is-layout-flow wp-block-quote-is-layout-flow\">\n<p>By\u0107 mo\u017ce perfekcja nie istnieje, ale d\u0105\u017cenie do niej nap\u0119dza nas do jej poszukiwania i osi\u0105gni\u0119cia mimo wszystko.<\/p>\n<\/blockquote>\n","protected":false},"excerpt":{"rendered":"<p>KU\u0179MICZ nr 1 w Polsce. Ku\u017amicz to firma rodzinna, kt\u00f3ra powsta\u0142a w 2008 roku. Naszym celem by\u0142a budowa dzia\u0142alno\u015bci otwartej na r\u00f3\u017cne najbardziej wyg\u00f3rowane potrzeby i oczekiwania Klient\u00f3w. Sukces naszej firmy to profesjonalny Zesp\u00f3\u0142 Ekspert\u00f3w [&hellip;]<\/p>\n","protected":false},"author":1,"featured_media":0,"parent":0,"menu_order":0,"comment_status":"closed","ping_status":"closed","template":"","meta":{"footnotes":""},"class_list":["post-41","page","type-page","status-publish","hentry"],"_links":{"self":[{"href":"https:\/\/kuzmicz.pl\/index.php\/wp-json\/wp\/v2\/pages\/41","targetHints":{"allow":["GET"]}}],"collection":[{"href":"https:\/\/kuzmicz.pl\/index.php\/wp-json\/wp\/v2\/pages"}],"about":[{"href":"https:\/\/kuzmicz.pl\/index.php\/wp-json\/wp\/v2\/types\/page"}],"author":[{"embeddable":true,"href":"https:\/\/kuzmicz.pl\/index.php\/wp-json\/wp\/v2\/users\/1"}],"replies":[{"embeddable":true,"href":"https:\/\/kuzmicz.pl\/index.php\/wp-json\/wp\/v2\/comments?post=41"}],"version-history":[{"count":32,"href":"https:\/\/kuzmicz.pl\/index.php\/wp-json\/wp\/v2\/pages\/41\/revisions"}],"predecessor-version":[{"id":779,"href":"https:\/\/kuzmicz.pl\/index.php\/wp-json\/wp\/v2\/pages\/41\/revisions\/779"}],"wp:attachment":[{"href":"https:\/\/kuzmicz.pl\/index.php\/wp-json\/wp\/v2\/media?parent=41"}],"curies":[{"name":"wp","href":"https:\/\/api.w.org\/{rel}","templated":true}]}}